{"id":108,"date":"2016-02-08T15:02:18","date_gmt":"2016-02-08T13:02:18","guid":{"rendered":"http:\/\/www.wiesenbach-deszk.de\/wordpress\/?page_id=108"},"modified":"2016-02-08T15:02:18","modified_gmt":"2016-02-08T13:02:18","slug":"satzung","status":"publish","type":"page","link":"http:\/\/www.wiesenbach-deszk.de\/?page_id=108","title":{"rendered":"Satzung"},"content":{"rendered":"<table id=\"Tabelle1\" border=\"0\" width=\"100%\" cellspacing=\"2\" cellpadding=\"2\">\n<tbody>\n<tr>\n<td width=\"787\">Freundeskreis Deszk<\/p>\n<p><b>I. Ziele der Partnerschaft (Freundschaft) mit der Gemeinde Deszk\/Ungarn<\/b><\/p>\n<p>Die Partnerschaft(Freundschaft) mit der ungarischen Gemeinde Deszk hat zum unmittelbaren Ziel, durch eine offizielle Verbindung die pers\u00f6nliche Begegnung, den Kontakt der Menschen \u00fcber die Grenzen hinweg zu f\u00f6rdern und durch solche unmittelbaren menschlichen Verbindungen ein Gef\u00fchl der Verbundenheit, des Zusammengeh\u00f6rens, der Freundschaft von Mensch zu Mensch zu erzeugen, dadurch Vorurteile und Ressentiments abzubauen und eine Grundlage f\u00fcr das zu schaffende gemeinsame Europa an der Basis in den V\u00f6lkern aufzubauen.<\/p>\n<p>Aufgabe einer solchen Partnerschaft (Freundschaft) ist, einen Beitrag zur besseren Information \u00fcbereinander, zu einem mehr an Wissen und damit auch Verst\u00e4ndnis f\u00fcr die Mentalit\u00e4t, die gesellschaftlichen Strukturen, f\u00fcr administrative und politische Zusammenh\u00e4nge beim Partner zu leisten und damit neben der emotionalen die rationale Grundlage f\u00fcr das Hineinwachsen in eine europ\u00e4ische Gemeinsamkeit und Solidarit\u00e4t auszubauen.<\/p>\n<p>Entscheidend f\u00fcr den dauernden Bestand einer Partnerschaft (Freundschaft) ist aber, dass es gelingt, die Partnerschaft (Freundschaft) im Bewusstsein breiter Kreise der Bev\u00f6lkerung der beteiligten befreundeten Gemeinde zu verankern. Dazu ist es notwendig, \u00fcber Kontakte von Vereinen, politischen Parteien, Organisationen, gesellschaftlichen Gruppen aller Art dem einzelnen B\u00fcrger die pers\u00f6nliche Teilnahme, die Begegnung mit Menschen aus der Partnergemeinde (befreundeten Gemeinde), die Ankn\u00fcpfung pers\u00f6nlicher Beziehungen und insbesondere Begegnungen und Besuche von Familien zu erm\u00f6glichen. Ziel muss es dabei sein, m\u00f6glichst viele dieser Gruppen und Einzelkontakte zu &#8222;Selbstg\u00e4ngern&#8220; werden zu lassen, d.h. einen Zustand zu erreichen, in dem die Beziehungen zwischen einzelnen Familien, Gruppen und Vereinen so eng geworden sind, dass es auch ohne Anstoss und Zutun der Gemeinde immer wieder zu gegenseitigen Begegnungen und Besuchen kommt.<\/p>\n<p>Um diese genannten Ziele zu erreichen, haben B\u00fcrger der Gemeinde Wiesenbach einen Freundeskreis gegr\u00fcndet, der die Gemeinde tatkr\u00e4ftig bis zur Realisierung der offiziellen Partnerschaft und dar\u00fcber hinaus unterst\u00fctzen soll.<\/p>\n<p>&nbsp;<\/td>\n<\/tr>\n<tr>\n<td><b>II. Richtlinien f\u00fcr die Arbeit des Freundeskreises<\/b><\/p>\n<table border=\"0\" width=\"787\" cellspacing=\"0\" cellpadding=\"0\" align=\"left\">\n<tbody>\n<tr>\n<td>\n<table id=\"Tabelle7\" border=\"0\" width=\"100%\" cellspacing=\"2\" cellpadding=\"2\">\n<tbody>\n<tr>\n<td valign=\"top\" width=\"26\">1)<\/td>\n<td width=\"747\">Der Freundeskreis besteht aus allen interessierten Einwohnern der Gemeinde, die bereit sind,<br \/>\nsich im Sinne der Gemeindepartnerschaft zu engagieren.<\/td>\n<\/tr>\n<tr>\n<td valign=\"top\">2)<\/td>\n<td>Der Freundeskreis &#8211; die Versammlung aller interessierten Einwohner &#8211; hat folgende Aufgaben:<\/p>\n<ul>\n<li>a) Wahl der Mitglieder der Vorstandschaft<\/li>\n<li>b) Entgegennahme des Jahresberichts der Vorstandschaft<\/li>\n<li>c) Beschluss \u00fcber die \u00c4nderung der Grundlagen f\u00fcr die Arbeit des Freundeskreises<\/li>\n<\/ul>\n<\/td>\n<\/tr>\n<tr>\n<td valign=\"top\">3)<\/td>\n<td>Der Freundeskreis tritt mindestens einmal im Jahr zusammen. Die Einberufung erfolgt vom Vorstand unter Einhaltung einer Frist von zwei Wochen durch Bekanntmachung in den Gemeindenachrichten mit Angabe der Tagesordnung. Die Einberufung kann ebenfalls durch den B\u00fcrgermeister der Gemeinde erfolgen<\/td>\n<\/tr>\n<tr>\n<td valign=\"top\">4)<\/td>\n<td>Die Vorstandschaft besteht aus<\/p>\n<ul>\n<li>a)\u00a0\u00a01. Vorsitzenden<\/li>\n<li>b)\u00a0\u00a02. Vorsitzenden<\/li>\n<li>c)\u00a0\u00a0Schatzmeister<\/li>\n<li>d)\u00a0\u00a0Schriftf\u00fchrer \/ Protokollf\u00fchrer<\/li>\n<li>e)\u00a0\u00a0 Beisitzern<\/li>\n<li>f)\u00a0\u00a0Vertreter der Gemeinde (B\u00fcrgermeister oder dessen Beauftragter)<\/li>\n<\/ul>\n<\/td>\n<\/tr>\n<tr>\n<td valign=\"top\">5)<\/td>\n<td>Der Freundeskreis wird durch den 1. Vorsitzenden, in dessen Verhinderungsfall durch den 2. Vorsitzenden, nach au\u00dfen vertreten. Er beruft die Vorstandschaft je nach Gesch\u00e4ftslage ein und teilt die Tagesordnung rechtzeitig mit. Bei den Sitzungen der Vorstandschaft hat jedes Vorstandsmitglied eine Stimme. Beschl\u00fcsse werden mit einfacher Mehrheit gefasst.<\/td>\n<\/tr>\n<tr>\n<td valign=\"top\">6)<\/td>\n<td>Die Vorstandschaft wird vom Freundeskreis im rollierenden System gew\u00e4hlt.<br \/>\nDiese Regelung gilt ab dem Tag der Annahme dieser Richtlinien in der Weise, dass der 1. Vorsitzende und der Schatzmeister auf die Dauer von einem Jahr und der 2. Vorsitzende sowie der Schriftf\u00fchrer auf die Dauer von zwei Jahren gew\u00e4hlt werden. Nach Ablauf dieser Amtszeiten werden diese Mitglieder auf die Dauer von 2 Jahren vom Tag der Wahl ab gerechnet gew\u00e4hlt. Alle \u00fcbrigen Vorstandsmitglieder werden von der Mitgliederversammlung auf die Dauer von zwei Jahren vom Tag der Wahl ab gerechnet gew\u00e4hlt. Der Vertreter der Gemeinde ist qua Amt Mitglied der Vorstandschaft.<\/td>\n<\/tr>\n<tr>\n<td valign=\"top\">7)<\/td>\n<td>Bei vorzeitigem Ausscheiden eines Vorstandsmitgliedes ist der verbleibende Vorstand berechtigt, bis zur n\u00e4chsten ordentlichen Versammlung des Freundeskreises einen Nachfolger zu w\u00e4hlen. Diese Versammlung w\u00e4hlt sodann jeweilige Nachfolger f\u00fcr die noch verbleibende restliche Amtszeit.<\/td>\n<\/tr>\n<tr>\n<td valign=\"top\">8)<\/td>\n<td>Das Gesch\u00e4ftsjahr f\u00e4llt zeitlich mit dem Kalenderjahr zusammen.<\/td>\n<\/tr>\n<tr>\n<td valign=\"top\">9)<\/td>\n<td>Die Gemeinde Wiesenbach unterst\u00fctzt den Freundeskreis finanziell, da die Arbeit im Interesse der Gemeinde liegt.<\/td>\n<\/tr>\n<\/tbody>\n<\/table>\n<\/td>\n<\/tr>\n<\/tbody>\n<\/table>\n<\/td>\n<\/tr>\n<tr>\n<td>&nbsp;<\/td>\n<\/tr>\n<tr>\n<td>&nbsp;<\/p>\n<p>Wiesenbach, den 17.06.2004<\/td>\n<\/tr>\n<\/tbody>\n<\/table>\n","protected":false},"excerpt":{"rendered":"<p>Freundeskreis Deszk I. Ziele der Partnerschaft (Freundschaft) mit der Gemeinde Deszk\/Ungarn Die Partnerschaft(Freundschaft) mit der ungarischen Gemeinde Deszk hat zum unmittelbaren Ziel, durch eine offizielle Verbindung die pers\u00f6nliche Begegnung, den Kontakt der Menschen \u00fcber die Grenzen hinweg zu f\u00f6rdern und durch solche unmittelbaren menschlichen Verbindungen ein Gef\u00fchl der Verbundenheit, des Zusammengeh\u00f6rens, der Freundschaft von Mensch <a class=\"more-link\" href=\"http:\/\/www.wiesenbach-deszk.de\/?page_id=108\">Weiterlesen&#8230;<\/a><\/p>\n","protected":false},"author":1,"featured_media":0,"parent":0,"menu_order":0,"comment_status":"closed","ping_status":"closed","template":"","meta":{"footnotes":"","_links_to":"","_links_to_target":""},"class_list":["post-108","page","type-page","status-publish","hentry"],"_links":{"self":[{"href":"http:\/\/www.wiesenbach-deszk.de\/index.php?rest_route=\/wp\/v2\/pages\/108","targetHints":{"allow":["GET"]}}],"collection":[{"href":"http:\/\/www.wiesenbach-deszk.de\/index.php?rest_route=\/wp\/v2\/pages"}],"about":[{"href":"http:\/\/www.wiesenbach-deszk.de\/index.php?rest_route=\/wp\/v2\/types\/page"}],"author":[{"embeddable":true,"href":"http:\/\/www.wiesenbach-deszk.de\/index.php?rest_route=\/wp\/v2\/users\/1"}],"replies":[{"embeddable":true,"href":"http:\/\/www.wiesenbach-deszk.de\/index.php?rest_route=%2Fwp%2Fv2%2Fcomments&post=108"}],"version-history":[{"count":1,"href":"http:\/\/www.wiesenbach-deszk.de\/index.php?rest_route=\/wp\/v2\/pages\/108\/revisions"}],"predecessor-version":[{"id":110,"href":"http:\/\/www.wiesenbach-deszk.de\/index.php?rest_route=\/wp\/v2\/pages\/108\/revisions\/110"}],"wp:attachment":[{"href":"http:\/\/www.wiesenbach-deszk.de\/index.php?rest_route=%2Fwp%2Fv2%2Fmedia&parent=108"}],"curies":[{"name":"wp","href":"https:\/\/api.w.org\/{rel}","templated":true}]}}