{"id":85,"date":"2016-02-08T14:15:17","date_gmt":"2016-02-08T12:15:17","guid":{"rendered":"http:\/\/www.wiesenbach-deszk.de\/wordpress\/?page_id=85"},"modified":"2016-02-08T14:38:09","modified_gmt":"2016-02-08T12:38:09","slug":"deszk","status":"publish","type":"page","link":"http:\/\/www.wiesenbach-deszk.de\/?page_id=85","title":{"rendered":"Deszk"},"content":{"rendered":"<ul>\n<li>Geschichtliches<\/li>\n<li>Geographisches<\/li>\n<li>Verkehr<\/li>\n<li>Politik<\/li>\n<li>Kultur<\/li>\n<\/ul>\n<p>In Deszk gibt es auch einen Freundschaftskreis: <a href=\"http:\/\/www.wiesenbach-deszk.de\/html\/freundschaftskreis.html\">Ungarisch-Deutsch-Fl\u00e4mischer<\/a> Freundschaftskreis<\/p>\n<p>&nbsp;<\/p>\n<table border=\"0\" width=\"425\" cellspacing=\"0\" cellpadding=\"0\" align=\"left\">\n<tbody>\n<tr>\n<td class=\"TextObject\"><iframe loading=\"lazy\" src=\"http:\/\/maps.google.de\/maps?f=q&amp;hl=de&amp;geocode=&amp;q=Deszk,+hungaria&amp;ie=UTF8&amp;z=12&amp;ll=46.248487,20.257759&amp;output=embed&amp;s=AARTsJo9SNdzHg_SX5gXgaHBoLdGse1IqQ\" width=\"425\" height=\"350\" frameborder=\"0\" marginwidth=\"0\" marginheight=\"0\" scrolling=\"no\"><\/iframe><br \/>\n<small><a style=\"color: #0000ff; text-align: left;\" href=\"http:\/\/maps.google.de\/maps?f=q&amp;hl=de&amp;geocode=&amp;q=Deszk,+hungaria&amp;ie=UTF8&amp;z=12&amp;ll=46.248487,20.257759&amp;source=embed\">Gr\u00f6\u00dfere Kartenansicht<\/a><\/small><\/p>\n<p style=\"margin-bottom: 0px;\">\n<\/td>\n<\/tr>\n<\/tbody>\n<\/table>\n<p>&nbsp;<\/p>\n<p>&nbsp;<\/p>\n<h2>In der ungarischen Touristeninformation erf\u00e4hrt<br \/>\nman folgendes:<\/h2>\n<table border=\"0\" width=\"100%\" cellspacing=\"2\" cellpadding=\"7\">\n<tbody>\n<tr>\n<td class=\"td-without-border\" style=\"width: 50%;\">Die Gemeinde Deszk liegt 9 km weit von Szeged an der Hauptstra\u00dfe 43. Es war das Gut des Barons Felix Gerliczy, aber nach 1928 wurde das Gebiet parzelliert.Ein bedeutendes architektonisches Werk ist u.a. das eklektische ehemalige Gerliczy-Schloss mit klassizistischen Elementen (Alkotm\u00e1nystr. 36). lm Schloss ist heute das Fachkrankenhaus f\u00fcr Brustkrankheit zu finden, um das ein 7ha gro\u00dfer Schlosspark mit gesch\u00fctzten Stieleichen liegt.<br \/>\n<img loading=\"lazy\" decoding=\"async\" id=\"Bild8\" title=\"Schloss2\" src=\"http:\/\/www.wiesenbach-deszk.de\/assets\/images\/autogen\/a_Schloss2.jpg\" alt=\"Schloss2\" width=\"298\" height=\"190\" border=\"0\" \/><br \/>\nDie neogotische r\u00f6misch-katholische Kirche direkt am Schloss wurde 1904 gebaut. Wunderbar ist die innere Einrichtung wie die geschnitzten Alt\u00e4re, die Kanzel, die Stationen des Kreuzweges und das pr\u00e4chtige Rosenfenster.<br \/>\n<img loading=\"lazy\" decoding=\"async\" id=\"Bild9\" title=\"Schloss2\" src=\"http:\/\/www.wiesenbach-deszk.de\/assets\/images\/Kath-Kirche.jpg\" alt=\"Kath-Kirche\" width=\"298\" height=\"190\" border=\"0\" \/><br \/>\nEin Seltenheit ist die klassizistische griechisch-ortodoxe serbische Kirche (1895) mit einer eklektischen Ikonastase (Felszabadul\u00e1sstr.). Die Gemeinde hat einige Denkm\u00e4ler aus der alten Architektenschule, welche die Stilelemente von K\u00e1roly K\u00f3s aus Siebenb\u00fcrgen aufzeigt.<br \/>\n<img loading=\"lazy\" decoding=\"async\" id=\"Bild9\" title=\"Schloss2\" src=\"http:\/\/www.wiesenbach-deszk.de\/assets\/images\/Serbische_Kirche.jpg\" alt=\"Serbische_Kirche\" width=\"298\" height=\"190\" border=\"0\" \/><\/td>\n<td class=\"td-without-border\" style=\"width: 50%;\">Das moderne Dorfhaus beherbergt die Bibliothek mit 12.000 B\u00e4nden und ist daneben ein Schauplatz von kulturellen Ereignissen. Hier werden auch die verschiedenen Zirkel, die Tanzstunden, die Proben des Volksliedervereins und der Zithergruppe abgehalten<br \/>\nDie Sporthalle entspricht dank ihrer Gr\u00f6\u00dfe und Aufr\u00fcstung sogar den internationalen Normen. Gelegentlich werden hier auch verschiedene Veranstaltungen der Gemeinde organisiert.<br \/>\nIm Rastpark Per\u00e9nyi hat man M\u00f6glichkeit zu Reiten, Kutschenfahrten, man kann Schweine schlachten oder die typischen Haustiere kennen lernen.Die Nahe der Gro\u00dfstadt Szeged, das angenehme Klima am Fluss Maros, die Sauberkeit und Ruhe sowie die Kultur-, Unterhaltungs- und Sportm\u00f6glichkeiten wirken f\u00f6rdernd auf die Entwicklung und Erweiterung des Dorfes.<\/p>\n<p>Es gibt immer gr\u00f6\u00dferes Interesse an Bauerh\u00e4usern, an Jagd- und Angelm\u00f6glichkeiten, an Rad-, Wander- und Pferdetouren. Die hiesigen Gastgeber begr\u00fc\u00dfen nat\u00fcrlich auch diejenigen, die nur nach Ruhe suchen, mit echter ungarischer Gastfreundschaft in einer sauberen Umgebung.<br \/>\n<img loading=\"lazy\" decoding=\"async\" id=\"Bild11\" title=\"Angeln\" src=\"http:\/\/www.wiesenbach-deszk.de\/assets\/images\/autogen\/a_Angeln.jpg\" alt=\"Angeln\" width=\"263\" height=\"199\" border=\"0\" \/><br \/>\nIn der Gemeinde und ihrer Umgebung leben viele alte Handwerker von uralten Gewerben, wie Korbflechter, Hufschmiede oder strickende Frauen, die ihre Arbeit heute noch immer aus\u00fcben und sich den Interessierten sowie ihre Werkzeuge gern vorstellen.<br \/>\nDie regelm\u00e4\u00dfigen Veranstaltungen (Festival an der Maros, Dorftag, Kochwettkampf) werden von immer mehr Leuten aus Szeged und den nahen Siedlungen aufgesucht. Das Volkstanzfestival von Dorf zu Dorf hilft ebenfalls dabei, immer bekannter zu werden.<br \/>\n<img loading=\"lazy\" decoding=\"async\" id=\"Bild11\" title=\"Angeln\" src=\"http:\/\/www.wiesenbach-deszk.de\/assets\/images\/autogen\/a_Kochwettbewerb.jpg\" alt=\"Kochwettbewerb\" width=\"263\" height=\"199\" border=\"0\" \/><\/td>\n<\/tr>\n<\/tbody>\n<\/table>\n","protected":false},"excerpt":{"rendered":"<p>Geschichtliches Geographisches Verkehr Politik Kultur In Deszk gibt es auch einen Freundschaftskreis: Ungarisch-Deutsch-Fl\u00e4mischer Freundschaftskreis &nbsp; Gr\u00f6\u00dfere Kartenansicht &nbsp; &nbsp; In der ungarischen Touristeninformation erf\u00e4hrt man folgendes: Die Gemeinde Deszk liegt 9 km weit von Szeged an der Hauptstra\u00dfe 43. Es war das Gut des Barons Felix Gerliczy, aber nach 1928 wurde das Gebiet parzelliert.Ein bedeutendes <a class=\"more-link\" href=\"http:\/\/www.wiesenbach-deszk.de\/?page_id=85\">Weiterlesen&#8230;<\/a><\/p>\n","protected":false},"author":1,"featured_media":0,"parent":0,"menu_order":0,"comment_status":"closed","ping_status":"closed","template":"","meta":{"footnotes":"","_links_to":"","_links_to_target":""},"class_list":["post-85","page","type-page","status-publish","hentry"],"_links":{"self":[{"href":"http:\/\/www.wiesenbach-deszk.de\/index.php?rest_route=\/wp\/v2\/pages\/85","targetHints":{"allow":["GET"]}}],"collection":[{"href":"http:\/\/www.wiesenbach-deszk.de\/index.php?rest_route=\/wp\/v2\/pages"}],"about":[{"href":"http:\/\/www.wiesenbach-deszk.de\/index.php?rest_route=\/wp\/v2\/types\/page"}],"author":[{"embeddable":true,"href":"http:\/\/www.wiesenbach-deszk.de\/index.php?rest_route=\/wp\/v2\/users\/1"}],"replies":[{"embeddable":true,"href":"http:\/\/www.wiesenbach-deszk.de\/index.php?rest_route=%2Fwp%2Fv2%2Fcomments&post=85"}],"version-history":[{"count":3,"href":"http:\/\/www.wiesenbach-deszk.de\/index.php?rest_route=\/wp\/v2\/pages\/85\/revisions"}],"predecessor-version":[{"id":98,"href":"http:\/\/www.wiesenbach-deszk.de\/index.php?rest_route=\/wp\/v2\/pages\/85\/revisions\/98"}],"wp:attachment":[{"href":"http:\/\/www.wiesenbach-deszk.de\/index.php?rest_route=%2Fwp%2Fv2%2Fmedia&parent=85"}],"curies":[{"name":"wp","href":"https:\/\/api.w.org\/{rel}","templated":true}]}}