{"id":89,"date":"2016-02-08T14:24:35","date_gmt":"2016-02-08T12:24:35","guid":{"rendered":"http:\/\/www.wiesenbach-deszk.de\/wordpress\/?page_id=89"},"modified":"2020-03-09T08:41:12","modified_gmt":"2020-03-09T07:41:12","slug":"mitglieder","status":"publish","type":"page","link":"http:\/\/www.wiesenbach-deszk.de\/?page_id=89","title":{"rendered":"Mitglieder"},"content":{"rendered":"<table class=\"member-table\" width=\"100%\">\n<tbody>\n<tr>\n<td width=\"151\">Name<\/td>\n<td width=\"164\">Funktion<\/td>\n<td width=\"234\">Anschrift<\/td>\n<td width=\"208\">Telefon\/E-Mail<\/td>\n<\/tr>\n<tr>\n<td>Ludwig N\u00f6llenburg<\/td>\n<td>2. Vorsitzender<\/td>\n<td><\/td>\n<td><\/td>\n<\/tr>\n<tr>\n<td>Friedbert Kaiser<\/td>\n<td><\/td>\n<td><\/td>\n<td><\/td>\n<\/tr>\n<tr>\n<td>Ilona Sch\u00e4fer<\/td>\n<td>Schatzmeisterin<\/td>\n<td><\/td>\n<td><\/td>\n<\/tr>\n<tr>\n<td>Brigitte Eisermann<\/td>\n<td>Schriftf\u00fchrerin<\/td>\n<td><\/td>\n<td>\u00a0<a href=\"mailto:brigitte@fam-eisermann.de\">brigitte.eisermann@fam-eisermann.de<\/a><\/td>\n<\/tr>\n<tr>\n<td>Stefan Krau\u00df<\/td>\n<td>Beisitzer<\/td>\n<td><\/td>\n<td><\/td>\n<\/tr>\n<tr>\n<td>Bernd Eisermann<\/td>\n<td>Beisitzer<\/td>\n<td><\/td>\n<td>\u00a0<a href=\"mailto:bernd@fam-eisermann.de\">bernd.eisermann@fam-eisermann.de<\/a><\/td>\n<\/tr>\n<tr>\n<td>Eric Grabenbauer<\/td>\n<td>Vertreter der Gemeinde (B\u00fcrgermeister)<\/td>\n<td><\/td>\n<td><\/td>\n<\/tr>\n<tr>\n<td>Agnes Krau\u00df<\/td>\n<td>Vorsitzende<\/td>\n<td><\/td>\n<td><\/td>\n<\/tr>\n<tr>\n<td>Conny Kr\u00e4mer<\/td>\n<td>Beisitzerin<\/td>\n<td><\/td>\n<td><\/td>\n<\/tr>\n<tr>\n<td>Markus B\u00fchler<\/td>\n<td><\/td>\n<td><\/td>\n<td><\/td>\n<\/tr>\n<tr>\n<td>Christina Laqua<\/td>\n<td><\/td>\n<td><\/td>\n<td><\/td>\n<\/tr>\n<tr>\n<td>Eric Ortelt<\/td>\n<td><\/td>\n<td><\/td>\n<td><\/td>\n<\/tr>\n<tr>\n<td>Jens Gralka<\/td>\n<td><\/td>\n<td><\/td>\n<td><\/td>\n<\/tr>\n<tr>\n<td>Svenja Schmitt<\/td>\n<td><\/td>\n<td><\/td>\n<td><\/td>\n<\/tr>\n<tr>\n<td>Michael Fuchs<\/td>\n<td><\/td>\n<td><\/td>\n<td><\/td>\n<\/tr>\n<tr>\n<td>Regina Karolyi<\/td>\n<td><\/td>\n<td><\/td>\n<td><\/td>\n<\/tr>\n<tr>\n<td>Michaele Oedel<\/td>\n<td><\/td>\n<td><\/td>\n<td><\/td>\n<\/tr>\n<tr>\n<td>Udo Karoff<\/td>\n<td><\/td>\n<td><\/td>\n<td><\/td>\n<\/tr>\n<tr>\n<td>J\u00fcrgen Berger<\/td>\n<td><\/td>\n<td><\/td>\n<td><\/td>\n<\/tr>\n<tr>\n<td>Helga Berger<\/td>\n<td><\/td>\n<td><\/td>\n<td><\/td>\n<\/tr>\n<tr>\n<td>Dora Hegyi<\/td>\n<td><\/td>\n<td><\/td>\n<td><\/td>\n<\/tr>\n<tr>\n<td>Jen\u00f6 Lakatos<\/td>\n<td><\/td>\n<td><\/td>\n<td><\/td>\n<\/tr>\n<\/tbody>\n<\/table>\n","protected":false},"excerpt":{"rendered":"<p>Name Funktion Anschrift Telefon\/E-Mail Ludwig N\u00f6llenburg 2. Vorsitzender Friedbert Kaiser Ilona Sch\u00e4fer Schatzmeisterin Brigitte Eisermann Schriftf\u00fchrerin \u00a0brigitte.eisermann@fam-eisermann.de Stefan Krau\u00df Beisitzer Bernd Eisermann Beisitzer \u00a0bernd.eisermann@fam-eisermann.de Eric Grabenbauer Vertreter der Gemeinde (B\u00fcrgermeister) Agnes Krau\u00df Vorsitzende Conny Kr\u00e4mer Beisitzerin Markus B\u00fchler Christina Laqua Eric Ortelt Jens Gralka Svenja Schmitt Michael Fuchs Regina Karolyi Michaele Oedel Udo Karoff J\u00fcrgen <a class=\"more-link\" href=\"http:\/\/www.wiesenbach-deszk.de\/?page_id=89\">Weiterlesen&#8230;<\/a><\/p>\n","protected":false},"author":1,"featured_media":0,"parent":0,"menu_order":0,"comment_status":"closed","ping_status":"closed","template":"","meta":{"footnotes":"","_links_to":"","_links_to_target":""},"class_list":["post-89","page","type-page","status-publish","hentry"],"_links":{"self":[{"href":"http:\/\/www.wiesenbach-deszk.de\/index.php?rest_route=\/wp\/v2\/pages\/89","targetHints":{"allow":["GET"]}}],"collection":[{"href":"http:\/\/www.wiesenbach-deszk.de\/index.php?rest_route=\/wp\/v2\/pages"}],"about":[{"href":"http:\/\/www.wiesenbach-deszk.de\/index.php?rest_route=\/wp\/v2\/types\/page"}],"author":[{"embeddable":true,"href":"http:\/\/www.wiesenbach-deszk.de\/index.php?rest_route=\/wp\/v2\/users\/1"}],"replies":[{"embeddable":true,"href":"http:\/\/www.wiesenbach-deszk.de\/index.php?rest_route=%2Fwp%2Fv2%2Fcomments&post=89"}],"version-history":[{"count":5,"href":"http:\/\/www.wiesenbach-deszk.de\/index.php?rest_route=\/wp\/v2\/pages\/89\/revisions"}],"predecessor-version":[{"id":460,"href":"http:\/\/www.wiesenbach-deszk.de\/index.php?rest_route=\/wp\/v2\/pages\/89\/revisions\/460"}],"wp:attachment":[{"href":"http:\/\/www.wiesenbach-deszk.de\/index.php?rest_route=%2Fwp%2Fv2%2Fmedia&parent=89"}],"curies":[{"name":"wp","href":"https:\/\/api.w.org\/{rel}","templated":true}]}}