{"id":183,"date":"2016-02-29T13:53:46","date_gmt":"2016-02-29T11:53:46","guid":{"rendered":"http:\/\/www.wiesenbach-deszk.de\/?page_id=183"},"modified":"2016-03-01T15:56:13","modified_gmt":"2016-03-01T13:56:13","slug":"ungarisch-deutsch-flaemischer-freundeskreis","status":"publish","type":"page","link":"https:\/\/www.wiesenbach-deszk.de\/?page_id=183","title":{"rendered":"Ungarisch-Deutsch-Fl\u00e4mischer Freundeskreis"},"content":{"rendered":"<table id=\"Tabelle7\" border=\"0\" width=\"100%\" cellspacing=\"2\" cellpadding=\"2\">\n<tbody>\n<tr>\n<td width=\"318\">Der Freundeskreis wurde Anfang 2007 in <a href=\"http:\/\/www.deszk.hu\">Deszk<\/a> gegr\u00fcndet und k\u00fcmmert sich nicht nur um die Beziehungen zur deutschen <a href=\"http:\/\/www.wiesenbach-online.de\">Gemeinde Wiesenbach<\/a>, sondern auch um Beziehungen zur fl\u00e4mischen Gemeinde <a href=\"http:\/\/www.ninove.be\/\">Ninove<\/a>.<\/td>\n<td width=\"468\"><\/td>\n<\/tr>\n<tr>\n<td><\/td>\n<td><\/td>\n<\/tr>\n<tr>\n<td>Hier werden demn\u00e4chst die Mitglieder dieses Freundeskreises vorgestellt:<\/td>\n<td><\/td>\n<\/tr>\n<tr>\n<td>Vorsitzender:\u00a0Peter Farkas<\/td>\n<td>\u00a0<a href=\"http:\/\/www.wiesenbach-deszk.de\/wp-content\/uploads\/2016\/02\/P1000806blarge.jpg\" rel=\"attachment wp-att-190\"><img loading=\"lazy\" decoding=\"async\" class=\"aligncenter size-medium wp-image-190\" src=\"http:\/\/www.wiesenbach-deszk.de\/wp-content\/uploads\/2016\/02\/P1000806blarge-300x169.jpg\" alt=\"P1000806blarge\" width=\"300\" height=\"169\" srcset=\"https:\/\/www.wiesenbach-deszk.de\/wp-content\/uploads\/2016\/02\/P1000806blarge-300x169.jpg 300w, https:\/\/www.wiesenbach-deszk.de\/wp-content\/uploads\/2016\/02\/P1000806blarge-768x432.jpg 768w, https:\/\/www.wiesenbach-deszk.de\/wp-content\/uploads\/2016\/02\/P1000806blarge-350x197.jpg 350w, https:\/\/www.wiesenbach-deszk.de\/wp-content\/uploads\/2016\/02\/P1000806blarge.jpg 800w\" sizes=\"auto, (max-width: 300px) 100vw, 300px\" \/><\/a><\/td>\n<\/tr>\n<tr>\n<td>Szilvia Kar\u00e0csonyi<\/td>\n<td>\u00a0<a href=\"http:\/\/www.wiesenbach-deszk.de\/wp-content\/uploads\/2016\/02\/CIMG0076.jpg\" rel=\"attachment wp-att-188\"><img loading=\"lazy\" decoding=\"async\" class=\"aligncenter size-full wp-image-188\" src=\"http:\/\/www.wiesenbach-deszk.de\/wp-content\/uploads\/2016\/02\/CIMG0076.jpg\" alt=\"CIMG0076\" width=\"250\" height=\"205\" \/><\/a><\/td>\n<\/tr>\n<tr>\n<td>\u00a0Farkas Katalin<\/td>\n<td>\u00a0<a href=\"http:\/\/www.wiesenbach-deszk.de\/wp-content\/uploads\/2016\/02\/P1000807blarge.jpg\" rel=\"attachment wp-att-191\"><img loading=\"lazy\" decoding=\"async\" class=\"aligncenter size-medium wp-image-191\" src=\"http:\/\/www.wiesenbach-deszk.de\/wp-content\/uploads\/2016\/02\/P1000807blarge-300x169.jpg\" alt=\"P1000807blarge\" width=\"300\" height=\"169\" srcset=\"https:\/\/www.wiesenbach-deszk.de\/wp-content\/uploads\/2016\/02\/P1000807blarge-300x169.jpg 300w, https:\/\/www.wiesenbach-deszk.de\/wp-content\/uploads\/2016\/02\/P1000807blarge-768x432.jpg 768w, https:\/\/www.wiesenbach-deszk.de\/wp-content\/uploads\/2016\/02\/P1000807blarge-350x197.jpg 350w, https:\/\/www.wiesenbach-deszk.de\/wp-content\/uploads\/2016\/02\/P1000807blarge.jpg 800w\" sizes=\"auto, (max-width: 300px) 100vw, 300px\" \/><\/a><\/td>\n<\/tr>\n<tr>\n<td>\u00a0Arany Katalin<\/td>\n<td>\u00a0<a href=\"http:\/\/www.wiesenbach-deszk.de\/wp-content\/uploads\/2016\/02\/P1000808blarge.jpg\" rel=\"attachment wp-att-192\"><img loading=\"lazy\" decoding=\"async\" class=\"aligncenter size-medium wp-image-192\" src=\"http:\/\/www.wiesenbach-deszk.de\/wp-content\/uploads\/2016\/02\/P1000808blarge-300x169.jpg\" alt=\"P1000808blarge\" width=\"300\" height=\"169\" srcset=\"https:\/\/www.wiesenbach-deszk.de\/wp-content\/uploads\/2016\/02\/P1000808blarge-300x169.jpg 300w, https:\/\/www.wiesenbach-deszk.de\/wp-content\/uploads\/2016\/02\/P1000808blarge-768x432.jpg 768w, https:\/\/www.wiesenbach-deszk.de\/wp-content\/uploads\/2016\/02\/P1000808blarge-350x197.jpg 350w, https:\/\/www.wiesenbach-deszk.de\/wp-content\/uploads\/2016\/02\/P1000808blarge.jpg 800w\" sizes=\"auto, (max-width: 300px) 100vw, 300px\" \/><\/a><\/td>\n<\/tr>\n<tr>\n<td>\u00a0Endre K\u00f6v\u00e0ry<\/td>\n<td>\u00a0<a href=\"http:\/\/www.wiesenbach-deszk.de\/wp-content\/uploads\/2016\/02\/P1000809blarge.jpg\" rel=\"attachment wp-att-193\"><img loading=\"lazy\" decoding=\"async\" class=\"aligncenter size-medium wp-image-193\" src=\"http:\/\/www.wiesenbach-deszk.de\/wp-content\/uploads\/2016\/02\/P1000809blarge-300x169.jpg\" alt=\"P1000809blarge\" width=\"300\" height=\"169\" srcset=\"https:\/\/www.wiesenbach-deszk.de\/wp-content\/uploads\/2016\/02\/P1000809blarge-300x169.jpg 300w, https:\/\/www.wiesenbach-deszk.de\/wp-content\/uploads\/2016\/02\/P1000809blarge-768x432.jpg 768w, https:\/\/www.wiesenbach-deszk.de\/wp-content\/uploads\/2016\/02\/P1000809blarge-350x197.jpg 350w, https:\/\/www.wiesenbach-deszk.de\/wp-content\/uploads\/2016\/02\/P1000809blarge.jpg 800w\" sizes=\"auto, (max-width: 300px) 100vw, 300px\" \/><\/a><\/td>\n<\/tr>\n<tr>\n<td>\u00a0Laszlo Kir\u00e0ly<\/td>\n<td>\u00a0<a href=\"http:\/\/www.wiesenbach-deszk.de\/wp-content\/uploads\/2016\/02\/Laszlo.jpg\" rel=\"attachment wp-att-189\"><img loading=\"lazy\" decoding=\"async\" class=\"aligncenter size-medium wp-image-189\" src=\"http:\/\/www.wiesenbach-deszk.de\/wp-content\/uploads\/2016\/02\/Laszlo-300x300.jpg\" alt=\"Laszlo\" width=\"300\" height=\"300\" srcset=\"https:\/\/www.wiesenbach-deszk.de\/wp-content\/uploads\/2016\/02\/Laszlo-300x300.jpg 300w, https:\/\/www.wiesenbach-deszk.de\/wp-content\/uploads\/2016\/02\/Laszlo-150x150.jpg 150w, https:\/\/www.wiesenbach-deszk.de\/wp-content\/uploads\/2016\/02\/Laszlo-200x200.jpg 200w, https:\/\/www.wiesenbach-deszk.de\/wp-content\/uploads\/2016\/02\/Laszlo.jpg 607w\" sizes=\"auto, (max-width: 300px) 100vw, 300px\" \/><\/a><\/td>\n<\/tr>\n<tr>\n<td>\u00a0Aranka Kosz\u00f2<\/td>\n<td>\u00a0<a href=\"http:\/\/www.wiesenbach-deszk.de\/wp-content\/uploads\/2016\/02\/aranka.jpg\" rel=\"attachment wp-att-186\"><img loading=\"lazy\" decoding=\"async\" class=\"aligncenter size-medium wp-image-186\" src=\"http:\/\/www.wiesenbach-deszk.de\/wp-content\/uploads\/2016\/02\/aranka-300x186.jpg\" alt=\"aranka\" width=\"300\" height=\"186\" srcset=\"https:\/\/www.wiesenbach-deszk.de\/wp-content\/uploads\/2016\/02\/aranka-300x186.jpg 300w, https:\/\/www.wiesenbach-deszk.de\/wp-content\/uploads\/2016\/02\/aranka-768x477.jpg 768w, https:\/\/www.wiesenbach-deszk.de\/wp-content\/uploads\/2016\/02\/aranka-1024x636.jpg 1024w, https:\/\/www.wiesenbach-deszk.de\/wp-content\/uploads\/2016\/02\/aranka.jpg 1593w\" sizes=\"auto, (max-width: 300px) 100vw, 300px\" \/><\/a><\/td>\n<\/tr>\n<tr>\n<td>\u00a0Herr Jozsef B\u00e0nfi und Frau<\/td>\n<td>\u00a0<a href=\"http:\/\/www.wiesenbach-deszk.de\/wp-content\/uploads\/2016\/02\/Banfi.jpg\" rel=\"attachment wp-att-187\"><img loading=\"lazy\" decoding=\"async\" class=\"aligncenter size-medium wp-image-187\" src=\"http:\/\/www.wiesenbach-deszk.de\/wp-content\/uploads\/2016\/02\/Banfi-300x160.jpg\" alt=\"Banfi\" width=\"300\" height=\"160\" srcset=\"https:\/\/www.wiesenbach-deszk.de\/wp-content\/uploads\/2016\/02\/Banfi-300x160.jpg 300w, https:\/\/www.wiesenbach-deszk.de\/wp-content\/uploads\/2016\/02\/Banfi.jpg 506w\" sizes=\"auto, (max-width: 300px) 100vw, 300px\" \/><\/a><\/td>\n<\/tr>\n<\/tbody>\n<\/table>\n","protected":false},"excerpt":{"rendered":"<p>Der Freundeskreis wurde Anfang 2007 in Deszk gegr\u00fcndet und k\u00fcmmert sich nicht nur um die Beziehungen zur deutschen Gemeinde Wiesenbach, sondern auch um Beziehungen zur fl\u00e4mischen Gemeinde Ninove. Hier werden demn\u00e4chst die Mitglieder dieses Freundeskreises vorgestellt: Vorsitzender:\u00a0Peter Farkas \u00a0 Szilvia Kar\u00e0csonyi \u00a0 \u00a0Farkas Katalin \u00a0 \u00a0Arany Katalin \u00a0 \u00a0Endre K\u00f6v\u00e0ry \u00a0 \u00a0Laszlo Kir\u00e0ly \u00a0 \u00a0Aranka <a class=\"more-link\" href=\"https:\/\/www.wiesenbach-deszk.de\/?page_id=183\">Weiterlesen&#8230;<\/a><\/p>\n","protected":false},"author":1,"featured_media":0,"parent":0,"menu_order":0,"comment_status":"closed","ping_status":"closed","template":"","meta":{"footnotes":"","_links_to":"","_links_to_target":""},"class_list":["post-183","page","type-page","status-publish","hentry"],"_links":{"self":[{"href":"https:\/\/www.wiesenbach-deszk.de\/index.php?rest_route=\/wp\/v2\/pages\/183","targetHints":{"allow":["GET"]}}],"collection":[{"href":"https:\/\/www.wiesenbach-deszk.de\/index.php?rest_route=\/wp\/v2\/pages"}],"about":[{"href":"https:\/\/www.wiesenbach-deszk.de\/index.php?rest_route=\/wp\/v2\/types\/page"}],"author":[{"embeddable":true,"href":"https:\/\/www.wiesenbach-deszk.de\/index.php?rest_route=\/wp\/v2\/users\/1"}],"replies":[{"embeddable":true,"href":"https:\/\/www.wiesenbach-deszk.de\/index.php?rest_route=%2Fwp%2Fv2%2Fcomments&post=183"}],"version-history":[{"count":6,"href":"https:\/\/www.wiesenbach-deszk.de\/index.php?rest_route=\/wp\/v2\/pages\/183\/revisions"}],"predecessor-version":[{"id":205,"href":"https:\/\/www.wiesenbach-deszk.de\/index.php?rest_route=\/wp\/v2\/pages\/183\/revisions\/205"}],"wp:attachment":[{"href":"https:\/\/www.wiesenbach-deszk.de\/index.php?rest_route=%2Fwp%2Fv2%2Fmedia&parent=183"}],"curies":[{"name":"wp","href":"https:\/\/api.w.org\/{rel}","templated":true}]}}